{"id":1820,"date":"2025-06-13T17:12:38","date_gmt":"2025-06-13T17:12:38","guid":{"rendered":"https:\/\/dimitrisych.com\/?page_id=1820"},"modified":"2026-03-10T11:33:35","modified_gmt":"2026-03-10T11:33:35","slug":"collab","status":"publish","type":"page","link":"https:\/\/dimitrisych.com\/fr\/collab\/","title":{"rendered":"Collab"},"content":{"rendered":"<div data-elementor-type=\"wp-page\" data-elementor-id=\"1820\" class=\"elementor elementor-1820\">\n\t\t\t\t<div class=\"content-row-elementor elementor-element elementor-element-9f3fa1c row_padding_top_elementor dark-section inherit-header-color full_elementor row_padding_left_elementor row_padding_right_elementor e-flex e-con-boxed wpr-particle-no wpr-jarallax-no wpr-parallax-no wpr-sticky-section-no e-con e-parent\" data-id=\"9f3fa1c\" data-element_type=\"container\" data-e-type=\"container\">\n\t\t\t\t\t<div class=\"e-con-inner\">\n\t\t<div class=\"content-row-elementor elementor-element elementor-element-44884bd e-con-full dark-section inherit-header-color full_elementor row_padding_left_elementor row_padding_right_elementor e-flex wpr-particle-no wpr-jarallax-no wpr-parallax-no wpr-sticky-section-no e-con e-child\" data-id=\"44884bd\" data-element_type=\"container\" data-e-type=\"container\">\n\t\t\t\t<div class=\"elementor-element elementor-element-6689ff7 elementor-widget elementor-widget-heading\" data-id=\"6689ff7\" data-element_type=\"widget\" data-e-type=\"widget\" data-widget_type=\"heading.default\">\n\t\t\t\t<div class=\"elementor-widget-container\">\n\t\t\t\t\t<h2 class=\"elementor-heading-title elementor-size-default\">Cr\u00e9atrice d&#039;esth\u00e9tique intemporelle bas\u00e9e \u00e0 Paris<\/h2>\t\t\t\t<\/div>\n\t\t\t\t<\/div>\n\t\t\t\t<div class=\"elementor-element elementor-element-0565976 elementor-widget elementor-widget-heading\" data-id=\"0565976\" data-element_type=\"widget\" data-e-type=\"widget\" data-widget_type=\"heading.default\">\n\t\t\t\t<div class=\"elementor-widget-container\">\n\t\t\t\t\t<span class=\"elementor-heading-title elementor-size-default\">Sur mon compte Instagram @dimitrisych, je partage des articles soigneusement s\u00e9lectionn\u00e9s sur le style de vie, le design, les voyages et l&#039;architecture \u2014 touchant un public de plus de 50 millions de personnes qui valorisent l&#039;authenticit\u00e9, la qualit\u00e9 et l&#039;\u00e9l\u00e9gance discr\u00e8te.\n<br><\/br>\nR\u00e9sultats prouv\u00e9s \u2014 Plus de 2,8 millions de vues pour une seule vid\u00e9o de marque dans le cadre d&#039;une campagne horlog\u00e8re bas\u00e9e \u00e0 Monaco.<\/span>\t\t\t\t<\/div>\n\t\t\t\t<\/div>\n\t\t\t\t<div class=\"elementor-element elementor-element-5edb0dd elementor-widget elementor-widget-button\" data-id=\"5edb0dd\" data-element_type=\"widget\" data-e-type=\"widget\" data-widget_type=\"button.default\">\n\t\t\t\t<div class=\"elementor-widget-container\">\n\t\t\t\t\t\t\t\t\t<div class=\"elementor-button-wrapper\">\n\t\t\t\t\t<a class=\"elementor-button elementor-button-link elementor-size-sm\" href=\"https:\/\/dimitrisych.com\/fr\/personal-brand\/\" target=\"_blank\">\n\t\t\t\t\t\t<span class=\"elementor-button-content-wrapper\">\n\t\t\t\t\t\t\t\t\t<span class=\"elementor-button-text\">Apprendre encore plus<\/span>\n\t\t\t\t\t<\/span>\n\t\t\t\t\t<\/a>\n\t\t\t\t<\/div>\n\t\t\t\t\t\t\t\t<\/div>\n\t\t\t\t<\/div>\n\t\t\t\t<\/div>\n\t\t\t\t\t<\/div>\n\t\t\t\t<\/div>\n\t\t<div class=\"content-row-elementor elementor-element elementor-element-4bf8962 row_padding_bottom_elementor dark-section inherit-header-color full_elementor row_padding_left_elementor row_padding_right_elementor e-flex e-con-boxed wpr-particle-no wpr-jarallax-no wpr-parallax-no wpr-sticky-section-no e-con e-parent\" data-id=\"4bf8962\" data-element_type=\"container\" data-e-type=\"container\">\n\t\t\t\t\t<div class=\"e-con-inner\">\n\t\t<div class=\"content-row-elementor elementor-element elementor-element-10374b8 e-con-full dark-section inherit-header-color full_elementor row_padding_left_elementor row_padding_right_elementor e-flex wpr-particle-no wpr-jarallax-no wpr-parallax-no wpr-sticky-section-no e-con e-child\" data-id=\"10374b8\" data-element_type=\"container\" data-e-type=\"container\">\n\t\t<div class=\"content-row-elementor elementor-element elementor-element-53e2293 e-con-full studio dark-section inherit-header-color full_elementor row_padding_left_elementor row_padding_right_elementor e-flex wpr-particle-no wpr-jarallax-no wpr-parallax-no wpr-sticky-section-no elementor-invisible e-con e-child\" data-id=\"53e2293\" data-element_type=\"container\" data-e-type=\"container\" data-settings=\"{&quot;animation&quot;:&quot;fadeIn&quot;}\">\n\t\t<div class=\"content-row-elementor elementor-element elementor-element-c51e370 e-con-full dark-section inherit-header-color full_elementor row_padding_left_elementor row_padding_right_elementor e-flex wpr-particle-no wpr-jarallax-no wpr-parallax-no wpr-sticky-section-no e-con e-child\" data-id=\"c51e370\" data-element_type=\"container\" data-e-type=\"container\">\n\t\t\t\t<div class=\"elementor-element elementor-element-777d4a1 elementor-widget elementor-widget-text-editor\" data-id=\"777d4a1\" data-element_type=\"widget\" data-e-type=\"widget\" data-widget_type=\"text-editor.default\">\n\t\t\t\t<div class=\"elementor-widget-container\">\n\t\t\t\t\t\t\t\t\t<p>Public de confiance \u2013 Suivi par des influenceurs, des micro-cr\u00e9ateurs et des pr\u00e9curseurs de tendances\u00a0<\/p>\t\t\t\t\t\t\t\t<\/div>\n\t\t\t\t<\/div>\n\t\t\t\t<\/div>\n\t\t<div class=\"content-row-elementor elementor-element elementor-element-afe8da0 e-con-full dark-section inherit-header-color full_elementor row_padding_left_elementor row_padding_right_elementor e-flex wpr-particle-no wpr-jarallax-no wpr-parallax-no wpr-sticky-section-no e-con e-child\" data-id=\"afe8da0\" data-element_type=\"container\" data-e-type=\"container\">\n\t\t\t\t<div class=\"elementor-element elementor-element-d6bd020 size12 elementor-widget elementor-widget-text-editor\" data-id=\"d6bd020\" data-element_type=\"widget\" data-e-type=\"widget\" data-widget_type=\"text-editor.default\">\n\t\t\t\t<div class=\"elementor-widget-container\">\n\t\t\t\t\t\t\t\t\t<p>01<\/p>\t\t\t\t\t\t\t\t<\/div>\n\t\t\t\t<\/div>\n\t\t\t\t<\/div>\n\t\t\t\t<\/div>\n\t\t<div class=\"content-row-elementor elementor-element elementor-element-e73b21f e-con-full studio dark-section inherit-header-color full_elementor row_padding_left_elementor row_padding_right_elementor e-flex wpr-particle-no wpr-jarallax-no wpr-parallax-no wpr-sticky-section-no e-con e-child\" data-id=\"e73b21f\" data-element_type=\"container\" data-e-type=\"container\">\n\t\t<div class=\"content-row-elementor elementor-element elementor-element-1a3e021 e-con-full dark-section inherit-header-color full_elementor row_padding_left_elementor row_padding_right_elementor e-flex wpr-particle-no wpr-jarallax-no wpr-parallax-no wpr-sticky-section-no e-con e-child\" data-id=\"1a3e021\" data-element_type=\"container\" data-e-type=\"container\">\n\t\t\t\t<div class=\"elementor-element elementor-element-d598e54 elementor-widget elementor-widget-text-editor\" data-id=\"d598e54\" data-element_type=\"widget\" data-e-type=\"widget\" data-widget_type=\"text-editor.default\">\n\t\t\t\t<div class=\"elementor-widget-container\">\n\t\t\t\t\t\t\t\t\t<p>Une narration \u00e9l\u00e9gante \u2013 Chaque collaboration allie vision artistique et alignement strat\u00e9gique<\/p>\t\t\t\t\t\t\t\t<\/div>\n\t\t\t\t<\/div>\n\t\t\t\t<\/div>\n\t\t<div class=\"content-row-elementor elementor-element elementor-element-3f2b970 e-con-full dark-section inherit-header-color full_elementor row_padding_left_elementor row_padding_right_elementor e-flex wpr-particle-no wpr-jarallax-no wpr-parallax-no wpr-sticky-section-no e-con e-child\" data-id=\"3f2b970\" data-element_type=\"container\" data-e-type=\"container\">\n\t\t\t\t<div class=\"elementor-element elementor-element-53c1b9d size12 elementor-widget elementor-widget-text-editor\" data-id=\"53c1b9d\" data-element_type=\"widget\" data-e-type=\"widget\" data-widget_type=\"text-editor.default\">\n\t\t\t\t<div class=\"elementor-widget-container\">\n\t\t\t\t\t\t\t\t\t<p>02<\/p>\t\t\t\t\t\t\t\t<\/div>\n\t\t\t\t<\/div>\n\t\t\t\t<\/div>\n\t\t\t\t<\/div>\n\t\t<div class=\"content-row-elementor elementor-element elementor-element-2f08d60 e-con-full studio dark-section inherit-header-color full_elementor row_padding_left_elementor row_padding_right_elementor e-flex wpr-particle-no wpr-jarallax-no wpr-parallax-no wpr-sticky-section-no elementor-invisible e-con e-child\" data-id=\"2f08d60\" data-element_type=\"container\" data-e-type=\"container\" data-settings=\"{&quot;animation&quot;:&quot;fadeIn&quot;}\">\n\t\t<div class=\"content-row-elementor elementor-element elementor-element-5c9bdf0 e-con-full dark-section inherit-header-color full_elementor row_padding_left_elementor row_padding_right_elementor e-flex wpr-particle-no wpr-jarallax-no wpr-parallax-no wpr-sticky-section-no e-con e-child\" data-id=\"5c9bdf0\" data-element_type=\"container\" data-e-type=\"container\">\n\t\t\t\t<div class=\"elementor-element elementor-element-7de288e elementor-widget elementor-widget-text-editor\" data-id=\"7de288e\" data-element_type=\"widget\" data-e-type=\"widget\" data-widget_type=\"text-editor.default\">\n\t\t\t\t<div class=\"elementor-widget-container\">\n\t\t\t\t\t\t\t\t\t<p>Des partenariats de marque sur mesure, con\u00e7us pour accro\u00eetre la visibilit\u00e9 et l&#039;engagement.<\/p>\t\t\t\t\t\t\t\t<\/div>\n\t\t\t\t<\/div>\n\t\t\t\t<\/div>\n\t\t<div class=\"content-row-elementor elementor-element elementor-element-19af580 e-con-full dark-section inherit-header-color full_elementor row_padding_left_elementor row_padding_right_elementor e-flex wpr-particle-no wpr-jarallax-no wpr-parallax-no wpr-sticky-section-no e-con e-child\" data-id=\"19af580\" data-element_type=\"container\" data-e-type=\"container\">\n\t\t\t\t<div class=\"elementor-element elementor-element-e804cc9 size12 elementor-widget elementor-widget-text-editor\" data-id=\"e804cc9\" data-element_type=\"widget\" data-e-type=\"widget\" data-widget_type=\"text-editor.default\">\n\t\t\t\t<div class=\"elementor-widget-container\">\n\t\t\t\t\t\t\t\t\t<p>03<\/p>\t\t\t\t\t\t\t\t<\/div>\n\t\t\t\t<\/div>\n\t\t\t\t<\/div>\n\t\t\t\t<\/div>\n\t\t\t\t<\/div>\n\t\t\t\t\t<\/div>\n\t\t\t\t<\/div>\n\t\t\t\t<section class=\"elementor-section elementor-top-section elementor-element elementor-element-b105cfc row_padding_bottom light-section inherit-header-color elementor-default-width content-max-width elementor-section-height-default elementor-section-height-default wpr-particle-no wpr-jarallax-no wpr-parallax-no wpr-sticky-section-no\" data-id=\"b105cfc\" data-element_type=\"section\" data-e-type=\"section\" data-settings=\"{&quot;background_background&quot;:&quot;classic&quot;}\">\n\t\t\t\t\t\t<div class=\"elementor-container elementor-column-gap-default\">\n\t\t\t\t\t<div class=\"elementor-column elementor-col-100 elementor-top-column elementor-element elementor-element-5d5e7a7\" data-id=\"5d5e7a7\" data-element_type=\"column\" data-e-type=\"column\">\n\t\t\t<div class=\"elementor-widget-wrap elementor-element-populated\">\n\t\t\t\t\t\t<div class=\"elementor-element elementor-element-4362fd5 border-text elementor-invisible elementor-widget elementor-widget-heading\" data-id=\"4362fd5\" data-element_type=\"widget\" data-e-type=\"widget\" data-settings=\"{&quot;_animation&quot;:&quot;fadeIn&quot;}\" data-widget_type=\"heading.default\">\n\t\t\t\t<div class=\"elementor-widget-container\">\n\t\t\t\t\t<h2 class=\"elementor-heading-title elementor-size-default\">Pr\u00eats \u00e0 collaborer ? <strong><a href=\"mailto:contact@dimitrisych.com\" style=\"font-weight: 500 !important;color: #fff\">Entamez une conversation<\/a><\/strong>. Je n&#039;accepte actuellement qu&#039;un nombre limit\u00e9 de partenariats avec des marques qui correspondent \u00e0 mon public et \u00e0 ma vision esth\u00e9tique.<\/h2>\t\t\t\t<\/div>\n\t\t\t\t<\/div>\n\t\t\t\t\t<\/div>\n\t\t<\/div>\n\t\t\t\t\t<\/div>\n\t\t<\/section>\n\t\t\t\t<\/div>","protected":false},"excerpt":{"rendered":"<p>A Paris-based Creator of Timeless Aesthetics Through my Instagram @dimitrisych, I share curated stories across lifestyle, design, travel, and architecture \u2014 reached an 50M+ audience that values authenticity, quality, and understated elegance. Proven Results \u2014 Over 2.8M views on a single branded reel for a Monaco-based watch campaign. Learn more Trusted Audience &#8211; Followed by influencers, micro-creators, and early trendsetters\u00a0 01 Elegant Storytelling &#8211; Each collaboration blends artistic vision with strategic alignment 02 Tailored brand partnerships designed to elevate visibility and engagement. 03 Ready to collaborate? Start a conversation. I\u2019m currently accepting a limited number of brand partnerships that align with my audience and aesthetic vision.<\/p>","protected":false},"author":2,"featured_media":0,"parent":0,"menu_order":0,"comment_status":"closed","ping_status":"closed","template":"elementor_header_footer","meta":{"inline_featured_image":false,"footnotes":""},"class_list":["post-1820","page","type-page","status-publish","hentry"],"yoast_head":"<!-- This site is optimized with the Yoast SEO plugin v26.9 - https:\/\/yoast.com\/product\/yoast-seo-wordpress\/ -->\n<title>Collaborate with Dimitri Sych \u2014 Luxury Parisian Creator<\/title>\n<meta name=\"description\" content=\"Partner with Dimitri Sych, a Paris-based content creator . Elegant visuals, high engagement, and proven brand results. Let\u2019s collaborate.\" \/>\n<meta name=\"robots\" content=\"index, follow, max-snippet:-1, max-image-preview:large, max-video-preview:-1\" \/>\n<link rel=\"canonical\" href=\"https:\/\/dimitrisych.com\/fr\/collab\/\" \/>\n<meta property=\"og:locale\" content=\"fr_FR\" \/>\n<meta property=\"og:type\" content=\"article\" \/>\n<meta property=\"og:title\" content=\"Collaborate with Dimitri Sych \u2014 Luxury Parisian Creator\" \/>\n<meta property=\"og:description\" content=\"Partner with Dimitri Sych, a Paris-based content creator . Elegant visuals, high engagement, and proven brand results. Let\u2019s collaborate.\" \/>\n<meta property=\"og:url\" content=\"https:\/\/dimitrisych.com\/fr\/collab\/\" \/>\n<meta property=\"og:site_name\" content=\"Dimitri Sych -Fractional CMO, SEO, GTM, ADS, Growth, Enterpreneur, Author\" \/>\n<meta property=\"article:modified_time\" content=\"2026-03-10T11:33:35+00:00\" \/>\n<meta name=\"twitter:card\" content=\"summary_large_image\" \/>\n<meta name=\"twitter:label1\" content=\"Dur\u00e9e de lecture estim\u00e9e\" \/>\n\t<meta name=\"twitter:data1\" content=\"1 minute\" \/>\n<!-- \/ Yoast SEO plugin. -->","yoast_head_json":{"title":"Collaborez avec Dimitri Sych \u2014 Cr\u00e9ateur parisien de luxe","description":"Collaborez avec Dimitri Sych, cr\u00e9ateur de contenu bas\u00e9 \u00e0 Paris. Visuels \u00e9l\u00e9gants, fort engagement et r\u00e9sultats concrets pour votre marque. Travaillons ensemble\u00a0!.","robots":{"index":"index","follow":"follow","max-snippet":"max-snippet:-1","max-image-preview":"max-image-preview:large","max-video-preview":"max-video-preview:-1"},"canonical":"https:\/\/dimitrisych.com\/fr\/collab\/","og_locale":"fr_FR","og_type":"article","og_title":"Collaborate with Dimitri Sych \u2014 Luxury Parisian Creator","og_description":"Partner with Dimitri Sych, a Paris-based content creator . Elegant visuals, high engagement, and proven brand results. Let\u2019s collaborate.","og_url":"https:\/\/dimitrisych.com\/fr\/collab\/","og_site_name":"Dimitri Sych -Fractional CMO, SEO, GTM, ADS, Growth, Enterpreneur, Author","article_modified_time":"2026-03-10T11:33:35+00:00","twitter_card":"summary_large_image","twitter_misc":{"Dur\u00e9e de lecture estim\u00e9e":"1 minute"},"schema":{"@context":"https:\/\/schema.org","@graph":[{"@type":"WebPage","@id":"https:\/\/dimitrisych.com\/collab\/","url":"https:\/\/dimitrisych.com\/collab\/","name":"Collaborez avec Dimitri Sych \u2014 Cr\u00e9ateur parisien de luxe","isPartOf":{"@id":"https:\/\/dimitrisych.com\/#website"},"datePublished":"2025-06-13T17:12:38+00:00","dateModified":"2026-03-10T11:33:35+00:00","description":"Collaborez avec Dimitri Sych, cr\u00e9ateur de contenu bas\u00e9 \u00e0 Paris. Visuels \u00e9l\u00e9gants, fort engagement et r\u00e9sultats concrets pour votre marque. Travaillons ensemble\u00a0!.","breadcrumb":{"@id":"https:\/\/dimitrisych.com\/collab\/#breadcrumb"},"inLanguage":"fr-FR","potentialAction":[{"@type":"ReadAction","target":["https:\/\/dimitrisych.com\/collab\/"]}]},{"@type":"BreadcrumbList","@id":"https:\/\/dimitrisych.com\/collab\/#breadcrumb","itemListElement":[{"@type":"ListItem","position":1,"name":"Home","item":"https:\/\/dimitrisych.com\/"},{"@type":"ListItem","position":2,"name":"Collab"}]},{"@type":"WebSite","@id":"https:\/\/dimitrisych.com\/#website","url":"https:\/\/dimitrisych.com\/","name":"Dimitri Sych - Directeur de la cr\u00e9ation et strat\u00e8ge de marque","description":"","publisher":{"@id":"https:\/\/dimitrisych.com\/#\/schema\/person\/26b684d1c51f42e8e1ce1828d8595d6c"},"potentialAction":[{"@type":"SearchAction","target":{"@type":"EntryPoint","urlTemplate":"https:\/\/dimitrisych.com\/?s={search_term_string}"},"query-input":{"@type":"PropertyValueSpecification","valueRequired":true,"valueName":"search_term_string"}}],"inLanguage":"fr-FR"},{"@type":["Person","Organization"],"@id":"https:\/\/dimitrisych.com\/#\/schema\/person\/26b684d1c51f42e8e1ce1828d8595d6c","name":"Dimitri Sych","image":{"@type":"ImageObject","inLanguage":"fr-FR","@id":"https:\/\/dimitrisych.com\/#\/schema\/person\/image\/","url":"https:\/\/dimitrisych.com\/wp-content\/uploads\/2026\/02\/Dimitri-Sych.svg","contentUrl":"https:\/\/dimitrisych.com\/wp-content\/uploads\/2026\/02\/Dimitri-Sych.svg","width":281,"height":51,"caption":"Dimitri Sych"},"logo":{"@id":"https:\/\/dimitrisych.com\/#\/schema\/person\/image\/"}}]}},"_links":{"self":[{"href":"https:\/\/dimitrisych.com\/fr\/wp-json\/wp\/v2\/pages\/1820","targetHints":{"allow":["GET"]}}],"collection":[{"href":"https:\/\/dimitrisych.com\/fr\/wp-json\/wp\/v2\/pages"}],"about":[{"href":"https:\/\/dimitrisych.com\/fr\/wp-json\/wp\/v2\/types\/page"}],"author":[{"embeddable":true,"href":"https:\/\/dimitrisych.com\/fr\/wp-json\/wp\/v2\/users\/2"}],"replies":[{"embeddable":true,"href":"https:\/\/dimitrisych.com\/fr\/wp-json\/wp\/v2\/comments?post=1820"}],"version-history":[{"count":45,"href":"https:\/\/dimitrisych.com\/fr\/wp-json\/wp\/v2\/pages\/1820\/revisions"}],"predecessor-version":[{"id":8398,"href":"https:\/\/dimitrisych.com\/fr\/wp-json\/wp\/v2\/pages\/1820\/revisions\/8398"}],"wp:attachment":[{"href":"https:\/\/dimitrisych.com\/fr\/wp-json\/wp\/v2\/media?parent=1820"}],"curies":[{"name":"wp","href":"https:\/\/api.w.org\/{rel}","templated":true}]}}